{"id":5150,"date":"2023-12-14T13:10:27","date_gmt":"2023-12-14T12:10:27","guid":{"rendered":"https:\/\/keltir.se\/v2\/?post_type=product&#038;p=5150"},"modified":"2026-03-17T18:55:37","modified_gmt":"2026-03-17T17:55:37","slug":"formuler-z11-pro-bt1-edition","status":"publish","type":"product","link":"https:\/\/keltir.se\/v2\/produkt\/formuler-z11-pro-bt1-edition\/","title":{"rendered":"Formuler Z11 Pro BT1"},"content":{"rendered":"<p>Formuler Z11 Pro BT1 med nya standarder f\u00f6r IPTV och OTT Android-enheter. Toppmoderna funktioner som Android 11 OS, AV1-avkodning och nya och exklusiva f\u00f6r Formuler MYTVOnline3 medievisningsklient.<\/p>\n<p>2GB RAM &amp; 16GB LAGRING<br \/>\nLagom RAM-kapacitet<br \/>\nMjuk och smidig drift<br \/>\nGott om plats f\u00f6r appar och videor<\/p>\n<p>2x b\u00e4ttre grafikprestanda<br \/>\nNjut av smidigare spel, minskad f\u00f6rdr\u00f6jning och snabbare menynavigering med den helt nya Mali G57 GPU.<\/p>\n<p>Enkel och elegant startsk\u00e4rm<br \/>\nHemsk\u00e4rmen p\u00e5 Formuler Z11 Pro \u00e4r inte belamrad med n\u00e5got annonser som g\u00f6r det enkelt att hitta och starta dina favoritappar och -inneh\u00e5ll.<br \/>\nAnpassa placeringen av dina favoritappar och l\u00e4gg till inneh\u00e5ll fr\u00e5n MYTVOnline3 direkt p\u00e5 startsk\u00e4rmen.<\/p>\n<p><strong>Vad finns i L\u00e5dan<\/strong><br \/>\n1 St X Mediamottagare<br \/>\n1 St X Bluetooth Fj\u00e4rrkontroll<br \/>\n1 St X HDMI kabel<br \/>\n1 St X Str\u00f6madapter<br \/>\n1 St X Snabbguide<br \/>\n2 St X Batterier<\/p>\n","protected":false},"excerpt":{"rendered":"<p>Fraktkostnad ing\u00e5r<\/p>\n","protected":false},"featured_media":5152,"template":"","meta":[],"product_brand":[],"product_cat":[26,51],"product_tag":[],"class_list":{"0":"post-5150","1":"product","2":"type-product","3":"status-publish","4":"has-post-thumbnail","6":"product_cat-alla-produkter","7":"product_cat-digitalboxar","9":"first","10":"instock","11":"sale","12":"taxable","13":"shipping-taxable","14":"purchasable","15":"product-type-simple"},"_links":{"self":[{"href":"https:\/\/keltir.se\/v2\/wp-json\/wp\/v2\/product\/5150","targetHints":{"allow":["GET"]}}],"collection":[{"href":"https:\/\/keltir.se\/v2\/wp-json\/wp\/v2\/product"}],"about":[{"href":"https:\/\/keltir.se\/v2\/wp-json\/wp\/v2\/types\/product"}],"wp:featuredmedia":[{"embeddable":true,"href":"https:\/\/keltir.se\/v2\/wp-json\/wp\/v2\/media\/5152"}],"wp:attachment":[{"href":"https:\/\/keltir.se\/v2\/wp-json\/wp\/v2\/media?parent=5150"}],"wp:term":[{"taxonomy":"product_brand","embeddable":true,"href":"https:\/\/keltir.se\/v2\/wp-json\/wp\/v2\/product_brand?post=5150"},{"taxonomy":"product_cat","embeddable":true,"href":"https:\/\/keltir.se\/v2\/wp-json\/wp\/v2\/product_cat?post=5150"},{"taxonomy":"product_tag","embeddable":true,"href":"https:\/\/keltir.se\/v2\/wp-json\/wp\/v2\/product_tag?post=5150"}],"curies":[{"name":"wp","href":"https:\/\/api.w.org\/{rel}","templated":true}]}}